{"id":10,"date":"2023-10-22T22:40:00","date_gmt":"2023-10-22T20:40:00","guid":{"rendered":"http:\/\/aflodepeau.fr\/?page_id=10"},"modified":"2024-05-09T15:35:28","modified_gmt":"2024-05-09T13:35:28","slug":"accueil","status":"publish","type":"page","link":"https:\/\/aflodepeau.fr\/index.php\/accueil\/","title":{"rendered":"Accueil"},"content":{"rendered":"<ul class=\"wp-block-latest-posts__list has-dates wp-block-latest-posts\"><li><div class=\"wp-block-latest-posts__featured-image\"><a href=\"https:\/\/aflodepeau.fr\/index.php\/2024\/05\/09\/mes-poses-semi-permanent\/\" aria-label=\"Mes poses semi permanent\"><img loading=\"lazy\" decoding=\"async\" width=\"150\" height=\"150\" src=\"https:\/\/aflodepeau.fr\/wp-content\/uploads\/2024\/05\/img_0005-1-150x150.png\" class=\"attachment-thumbnail size-thumbnail wp-post-image\" alt=\"\" style=\"\" srcset=\"https:\/\/aflodepeau.fr\/wp-content\/uploads\/2024\/05\/img_0005-1-150x150.png 150w, https:\/\/aflodepeau.fr\/wp-content\/uploads\/2024\/05\/img_0005-1-300x300.png 300w, https:\/\/aflodepeau.fr\/wp-content\/uploads\/2024\/05\/img_0005-1-1024x1024.png 1024w, https:\/\/aflodepeau.fr\/wp-content\/uploads\/2024\/05\/img_0005-1-768x768.png 768w, https:\/\/aflodepeau.fr\/wp-content\/uploads\/2024\/05\/img_0005-1-1536x1536.png 1536w, https:\/\/aflodepeau.fr\/wp-content\/uploads\/2024\/05\/img_0005-1-60x60.png 60w, https:\/\/aflodepeau.fr\/wp-content\/uploads\/2024\/05\/img_0005-1.png 2000w\" sizes=\"auto, (max-width: 150px) 100vw, 150px\" \/><\/a><\/div><a class=\"wp-block-latest-posts__post-title\" href=\"https:\/\/aflodepeau.fr\/index.php\/2024\/05\/09\/mes-poses-semi-permanent\/\">Mes poses semi permanent<\/a><time datetime=\"2024-05-09T15:37:55+02:00\" class=\"wp-block-latest-posts__post-date\">9 mai 2024<\/time><div class=\"wp-block-latest-posts__post-excerpt\">Des nouvelles photos viennent d\u2019\u00eatre ajout\u00e9es \u263a\ufe0f\u263a\ufe0f Vous trouverez les photos ici<\/div><\/li>\n<li><div class=\"wp-block-latest-posts__featured-image\"><a href=\"https:\/\/aflodepeau.fr\/index.php\/2024\/05\/09\/les-vernis-semi-permanent\/\" aria-label=\"&lt;br&gt;Les vernis semi permanent\"><img loading=\"lazy\" decoding=\"async\" width=\"150\" height=\"150\" src=\"https:\/\/aflodepeau.fr\/wp-content\/uploads\/2024\/05\/img_0061-1-150x150.jpg\" class=\"attachment-thumbnail size-thumbnail wp-post-image\" alt=\"\" style=\"\" srcset=\"https:\/\/aflodepeau.fr\/wp-content\/uploads\/2024\/05\/img_0061-1-150x150.jpg 150w, https:\/\/aflodepeau.fr\/wp-content\/uploads\/2024\/05\/img_0061-1-300x300.jpg 300w, https:\/\/aflodepeau.fr\/wp-content\/uploads\/2024\/05\/img_0061-1-1024x1024.jpg 1024w, https:\/\/aflodepeau.fr\/wp-content\/uploads\/2024\/05\/img_0061-1-768x768.jpg 768w, https:\/\/aflodepeau.fr\/wp-content\/uploads\/2024\/05\/img_0061-1-1536x1536.jpg 1536w, https:\/\/aflodepeau.fr\/wp-content\/uploads\/2024\/05\/img_0061-1-60x60.jpg 60w, https:\/\/aflodepeau.fr\/wp-content\/uploads\/2024\/05\/img_0061-1.jpg 2000w\" sizes=\"auto, (max-width: 150px) 100vw, 150px\" \/><\/a><\/div><a class=\"wp-block-latest-posts__post-title\" href=\"https:\/\/aflodepeau.fr\/index.php\/2024\/05\/09\/les-vernis-semi-permanent\/\"><br>Les vernis semi permanent<\/a><time datetime=\"2024-05-09T14:52:00+02:00\" class=\"wp-block-latest-posts__post-date\">9 mai 2024<\/time><div class=\"wp-block-latest-posts__post-excerpt\">Coucou les filles !!! Il y\u2019a de la nouveaut\u00e9 dans les vernis. N\u2019h\u00e9sitez pas \u00e1 jeter un coup d\u2019\u0153il. Je vous ai mis le lien juste en-dessous \ud83d\ude0a == Mes couleurs ==<\/div><\/li>\n<li><div class=\"wp-block-latest-posts__featured-image\"><a href=\"https:\/\/aflodepeau.fr\/index.php\/2024\/02\/15\/bienvenue\/\" aria-label=\"Bienvenue dans l&rsquo;Atelier de Beaut\u00e9 des Ongles d\u2019A Flo de peau\"><img loading=\"lazy\" decoding=\"async\" width=\"150\" height=\"150\" src=\"https:\/\/aflodepeau.fr\/wp-content\/uploads\/2024\/02\/img_6257-1-150x150.jpg\" class=\"attachment-thumbnail size-thumbnail wp-post-image\" alt=\"\" style=\"\" srcset=\"https:\/\/aflodepeau.fr\/wp-content\/uploads\/2024\/02\/img_6257-1-150x150.jpg 150w, https:\/\/aflodepeau.fr\/wp-content\/uploads\/2024\/02\/img_6257-1-300x300.jpg 300w, https:\/\/aflodepeau.fr\/wp-content\/uploads\/2024\/02\/img_6257-1-1024x1024.jpg 1024w, https:\/\/aflodepeau.fr\/wp-content\/uploads\/2024\/02\/img_6257-1-768x768.jpg 768w, https:\/\/aflodepeau.fr\/wp-content\/uploads\/2024\/02\/img_6257-1-1536x1536.jpg 1536w, https:\/\/aflodepeau.fr\/wp-content\/uploads\/2024\/02\/img_6257-1-60x60.jpg 60w, https:\/\/aflodepeau.fr\/wp-content\/uploads\/2024\/02\/img_6257-1.jpg 2000w\" sizes=\"auto, (max-width: 150px) 100vw, 150px\" \/><\/a><\/div><a class=\"wp-block-latest-posts__post-title\" href=\"https:\/\/aflodepeau.fr\/index.php\/2024\/02\/15\/bienvenue\/\">Bienvenue dans l&rsquo;Atelier de Beaut\u00e9 des Ongles d\u2019A Flo de peau<\/a><time datetime=\"2024-02-15T21:16:17+01:00\" class=\"wp-block-latest-posts__post-date\">15 f\u00e9vrier 2024<\/time><div class=\"wp-block-latest-posts__post-excerpt\">Bonjour et bienvenue dans mon monde o\u00f9 chaque ongle est une toile et chaque cliente, une muse. Je suis \u00c0 Flo de peau, passionn\u00e9e par l&rsquo;art des ongles et d\u00e9vou\u00e9e \u00e0 vous offrir une exp\u00e9rience unique, o\u00f9 la cr\u00e9ativit\u00e9 et l&rsquo;\u00e9l\u00e9gance se rencontrent. Je m&rsquo;appelle Florie et je suis fi\u00e8re d&rsquo;\u00eatre votre proth\u00e9siste ongulaire. Mon &hellip; <\/div><\/li>\n<\/ul>","protected":false},"excerpt":{"rendered":"","protected":false},"author":2,"featured_media":0,"parent":0,"menu_order":0,"comment_status":"closed","ping_status":"closed","template":"templates\/template-homepage.php","meta":{"footnotes":""},"class_list":["post-10","page","type-page","status-publish","hentry"],"_links":{"self":[{"href":"https:\/\/aflodepeau.fr\/index.php\/wp-json\/wp\/v2\/pages\/10","targetHints":{"allow":["GET"]}}],"collection":[{"href":"https:\/\/aflodepeau.fr\/index.php\/wp-json\/wp\/v2\/pages"}],"about":[{"href":"https:\/\/aflodepeau.fr\/index.php\/wp-json\/wp\/v2\/types\/page"}],"author":[{"embeddable":true,"href":"https:\/\/aflodepeau.fr\/index.php\/wp-json\/wp\/v2\/users\/2"}],"replies":[{"embeddable":true,"href":"https:\/\/aflodepeau.fr\/index.php\/wp-json\/wp\/v2\/comments?post=10"}],"version-history":[{"count":7,"href":"https:\/\/aflodepeau.fr\/index.php\/wp-json\/wp\/v2\/pages\/10\/revisions"}],"predecessor-version":[{"id":400,"href":"https:\/\/aflodepeau.fr\/index.php\/wp-json\/wp\/v2\/pages\/10\/revisions\/400"}],"wp:attachment":[{"href":"https:\/\/aflodepeau.fr\/index.php\/wp-json\/wp\/v2\/media?parent=10"}],"curies":[{"name":"wp","href":"https:\/\/api.w.org\/{rel}","templated":true}]}}