{"id":25,"date":"2023-11-27T09:20:26","date_gmt":"2023-11-27T08:20:26","guid":{"rendered":"https:\/\/aflodepeau.fr\/?page_id=25"},"modified":"2023-11-30T21:10:35","modified_gmt":"2023-11-30T20:10:35","slug":"contact","status":"publish","type":"page","link":"https:\/\/aflodepeau.fr\/index.php\/contact\/","title":{"rendered":"Contact"},"content":{"rendered":"<p style=\"text-align: center;\">Pour me contacter :<\/p>\n<p style=\"text-align: center;\">T\u00e9l\u00e9phone : 06.66.36.05.98<\/p>\n<p style=\"text-align: center;\">Email : contact@aflodepeau.fr<\/p>\n<p style=\"text-align: center;\">Me suivre sur les r\u00e9seaux sociaux :<a href=\"https:\/\/www.facebook.com\/AFlodepeau77\" target=\"_blank\" rel=\"noopener\"><br \/>\n<img loading=\"lazy\" decoding=\"async\" class=\"aligncenter\" src=\"https:\/\/www.meilleure-innovation.com\/wp-content\/uploads\/2021\/11\/1200px-facebook-logo-2019-1024x1024.png\" alt=\"Facebook\" width=\"59\" height=\"59\" \/><\/a><\/p>\n<p><a href=\"https:\/\/www.instagram.com\/a.flo.de.peau.77\/\" target=\"_blank\" rel=\"noopener\"><img loading=\"lazy\" decoding=\"async\" class=\"alignnone aligncenter\" src=\"https:\/\/img.freepik.com\/vecteurs-premium\/logo-instagram-rond-isole-fond-blanc_469489-898.jpg\" alt=\"Instagram\" width=\"67\" height=\"67\" \/><\/a><\/p>\n","protected":false},"excerpt":{"rendered":"<p>Pour me contacter : T\u00e9l\u00e9phone : 06.66.36.05.98 Email : contact@aflodepeau.fr Me suivre sur les r\u00e9seaux sociaux :<\/p>\n","protected":false},"author":2,"featured_media":0,"parent":0,"menu_order":0,"comment_status":"closed","ping_status":"closed","template":"","meta":{"footnotes":""},"class_list":["post-25","page","type-page","status-publish","hentry"],"_links":{"self":[{"href":"https:\/\/aflodepeau.fr\/index.php\/wp-json\/wp\/v2\/pages\/25","targetHints":{"allow":["GET"]}}],"collection":[{"href":"https:\/\/aflodepeau.fr\/index.php\/wp-json\/wp\/v2\/pages"}],"about":[{"href":"https:\/\/aflodepeau.fr\/index.php\/wp-json\/wp\/v2\/types\/page"}],"author":[{"embeddable":true,"href":"https:\/\/aflodepeau.fr\/index.php\/wp-json\/wp\/v2\/users\/2"}],"replies":[{"embeddable":true,"href":"https:\/\/aflodepeau.fr\/index.php\/wp-json\/wp\/v2\/comments?post=25"}],"version-history":[{"count":18,"href":"https:\/\/aflodepeau.fr\/index.php\/wp-json\/wp\/v2\/pages\/25\/revisions"}],"predecessor-version":[{"id":152,"href":"https:\/\/aflodepeau.fr\/index.php\/wp-json\/wp\/v2\/pages\/25\/revisions\/152"}],"wp:attachment":[{"href":"https:\/\/aflodepeau.fr\/index.php\/wp-json\/wp\/v2\/media?parent=25"}],"curies":[{"name":"wp","href":"https:\/\/api.w.org\/{rel}","templated":true}]}}