{"id":27,"date":"2023-11-27T09:20:26","date_gmt":"2023-11-27T08:20:26","guid":{"rendered":"https:\/\/aflodepeau.fr\/?page_id=27"},"modified":"2024-02-23T09:18:10","modified_gmt":"2024-02-23T08:18:10","slug":"meconnaitre","status":"publish","type":"page","link":"https:\/\/aflodepeau.fr\/index.php\/meconnaitre\/","title":{"rendered":"Pour mieux me conna\u00eetre"},"content":{"rendered":"\r\n<p style=\"text-align: left;\">Bonjour et bienvenue dans mon monde o\u00f9 chaque ongle est une toile et chaque cliente, une muse.<\/p>\r\n\r\n\r\n\r\n<p style=\"text-align: left;\">Je suis \u00c0 Flo de peau, passionn\u00e9e par l&rsquo;art des ongles et d\u00e9vou\u00e9e \u00e0 vous offrir une exp\u00e9rience unique, o\u00f9 la cr\u00e9ativit\u00e9 et l&rsquo;\u00e9l\u00e9gance se rencontrent.<\/p>\r\n\r\n\r\n\r\n<p style=\"text-align: left;\">Je m&rsquo;appelle Florie et je suis fi\u00e8re d&rsquo;\u00eatre votre proth\u00e9siste ongulaire. Mon parcours dans le monde de la beaut\u00e9 a d\u00e9but\u00e9 il y a <span style=\"text-decoration: underline;\">20 ans<\/span>, lorsque j&rsquo;ai d\u00e9couvert ma passion pour l&rsquo;art des ongles.<\/p>\r\n\r\n\r\n\r\n<p class=\"has-text-align-left\" style=\"text-align: left;\">Depuis lors, chaque cliente est devenue une source d&rsquo;inspiration pour moi, et chaque cr\u00e9ation est une occasion de faire briller votre beaut\u00e9 int\u00e9rieure \u00e0 travers vos ongles.<\/p>\r\n\r\n\r\n\r\n<p class=\"has-text-align-left\" style=\"text-align: left;\">Dans mon atelier, je vous propose une gamme compl\u00e8te de services, allant de la sculpture d&rsquo;ongles \u00e0 la d\u00e9coration personnalis\u00e9e, en passant par les soins et les r\u00e9parations. Chaque service est con\u00e7u pour sublimer vos ongles naturels tout en refl\u00e9tant votre style unique et votre personnalit\u00e9.<\/p>\r\n\r\n\r\n\r\n<p class=\"has-text-align-left\" style=\"text-align: left;\">Explorez ma galerie pour d\u00e9couvrir mes cr\u00e9ations les plus r\u00e9centes et les t\u00e9moignages de mes clients, qui ont tous \u00e9t\u00e9 ravis de leur exp\u00e9rience dans mon atelier.<\/p>\r\n\r\n\r\n\r\n<p class=\"has-text-align-left\" style=\"text-align: left;\">N&rsquo;h\u00e9sitez pas \u00e0 me contacter pour prendre rendez-vous ou simplement pour discuter de vos id\u00e9es. Je suis l\u00e0 pour vous aider \u00e0 r\u00e9aliser vos r\u00eaves ongulaires et \u00e0 vous offrir une exp\u00e9rience beaut\u00e9 inoubliable.<\/p>\r\n\r\n\r\n\r\n<p class=\"has-text-align-left\" style=\"text-align: left;\">Rejoignez-moi sur les r\u00e9seaux sociaux pour des conseils, des astuces et des inspirations quotidiennes pour prendre soin de vos ongles et exprimer votre style unique.<\/p>\r\n\r\n\r\n\r\n<figure class=\"wp-block-image alignwide size-large\"><img decoding=\"async\" class=\"wp-image-155 aligncenter\" src=\"https:\/\/aflodepeau.fr\/wp-content\/uploads\/2024\/02\/img_2725-1-577x1024.jpg\" \/><\/figure>\r\n","protected":false},"excerpt":{"rendered":"<p>Bonjour et bienvenue dans mon monde o\u00f9 chaque ongle est une toile et chaque cliente, une muse. Je suis \u00c0 Flo de peau, passionn\u00e9e par l&rsquo;art des ongles et d\u00e9vou\u00e9e \u00e0 vous offrir une exp\u00e9rience unique, o\u00f9 la cr\u00e9ativit\u00e9 et l&rsquo;\u00e9l\u00e9gance se rencontrent. Je m&rsquo;appelle Florie et je suis fi\u00e8re d&rsquo;\u00eatre votre proth\u00e9siste ongulaire. Mon &hellip; <\/p>\n","protected":false},"author":2,"featured_media":0,"parent":0,"menu_order":0,"comment_status":"closed","ping_status":"closed","template":"","meta":{"footnotes":""},"class_list":["post-27","page","type-page","status-publish","hentry"],"_links":{"self":[{"href":"https:\/\/aflodepeau.fr\/index.php\/wp-json\/wp\/v2\/pages\/27","targetHints":{"allow":["GET"]}}],"collection":[{"href":"https:\/\/aflodepeau.fr\/index.php\/wp-json\/wp\/v2\/pages"}],"about":[{"href":"https:\/\/aflodepeau.fr\/index.php\/wp-json\/wp\/v2\/types\/page"}],"author":[{"embeddable":true,"href":"https:\/\/aflodepeau.fr\/index.php\/wp-json\/wp\/v2\/users\/2"}],"replies":[{"embeddable":true,"href":"https:\/\/aflodepeau.fr\/index.php\/wp-json\/wp\/v2\/comments?post=27"}],"version-history":[{"count":9,"href":"https:\/\/aflodepeau.fr\/index.php\/wp-json\/wp\/v2\/pages\/27\/revisions"}],"predecessor-version":[{"id":172,"href":"https:\/\/aflodepeau.fr\/index.php\/wp-json\/wp\/v2\/pages\/27\/revisions\/172"}],"wp:attachment":[{"href":"https:\/\/aflodepeau.fr\/index.php\/wp-json\/wp\/v2\/media?parent=27"}],"curies":[{"name":"wp","href":"https:\/\/api.w.org\/{rel}","templated":true}]}}